{"id":991,"date":"2021-02-24T10:16:18","date_gmt":"2021-02-24T10:16:18","guid":{"rendered":"https:\/\/dalvakum.com\/?page_id=991"},"modified":"2022-01-30T18:14:36","modified_gmt":"2022-01-30T18:14:36","slug":"industries","status":"publish","type":"page","link":"https:\/\/dalvakum.com\/tr\/industries\/","title":{"rendered":"Industries"},"content":{"rendered":"<div class=\"container\" ><div class=\"vc_row wpb_row vc_row-fluid\"><div class=\"wpb_column vc_column_container vc_col-sm-12\"><div class=\"vc_column-inner\"><div class=\"wpb_wrapper\">\t\t\t<div\n\t\t\t\tclass=\"darna-heading style1 margin-bottom-40\" >\n\t\t\t\t\t\t\t\t\t<h2>\u00dcretim Alanlar\u0131<\/h2>\n\t\t\t\t\t\t\t\t\t\t\t<\/div>\n\t\t\t<\/div><\/div><\/div><\/div><\/div><div class=\"container\" ><div class=\"vc_row wpb_row vc_row-fluid\"><div class=\"wpb_column vc_column_container vc_col-sm-6\"><div class=\"vc_column-inner\"><div class=\"wpb_wrapper\">\n\t<div class=\"wpb_text_column wpb_content_element  vc_custom_1642100938161\" >\n\t\t<div class=\"wpb_wrapper\">\n\t\t\t<p style=\"text-align: center;\">DAL Vakum g\u0131da, ila\u00e7, bak\u0131m \u00fcr\u00fcnleri ve tar\u0131m i\u015fletmeleri gibi bir\u00e7ok sekt\u00f6re ve \u015firkete, kendi ambalaj \u00fcr\u00fcnlerini tasarlamas\u0131 gereken m\u00fc\u015fterilerimize \u00f6zel \u00fcretim \u00e7\u00f6z\u00fcmleri olarak m\u00fckemmel paketleme \u00e7\u00f6z\u00fcmleri ile hizmet vermektedir. \u0130\u015fimizin \u00f6z\u00fc, m\u00fc\u015fterilerimize herhangi bir \u015fekilde yard\u0131mc\u0131 olmak ve onlar\u0131n memnuniyetini sa\u011flamak i\u00e7in \u00e7ok \u00e7al\u0131\u015fmak oldu\u011fundan, m\u00fcmk\u00fcn olan en y\u00fcksek verimlilik d\u00fczeyine ula\u015fma sorumlulu\u011fumuzu yerine getirmek i\u00e7in \u00fcretimin her a\u015famas\u0131nda ileti\u015fime birincil odaklanma esast\u0131r.<\/p>\n\n\t\t<\/div>\n\t<\/div>\n<\/div><\/div><\/div><div class=\"wpb_column vc_column_container vc_col-sm-6\"><div class=\"vc_column-inner\"><div class=\"wpb_wrapper\">\n\t<div  class=\"wpb_single_image wpb_content_element vc_align_center\">\n\t\t\n\t\t<figure class=\"wpb_wrapper vc_figure\">\n\t\t\t<div class=\"vc_single_image-wrapper   vc_box_border_grey\"><img loading=\"lazy\" decoding=\"async\" width=\"1275\" height=\"756\" src=\"https:\/\/dalvakum.com\/wp-content\/uploads\/2022\/01\/INDUSTRIES-01-1.jpg\" class=\"vc_single_image-img attachment-full\" alt=\"\" \/><\/div>\n\t\t<\/figure>\n\t<\/div>\n<\/div><\/div><\/div><\/div><\/div><div class=\"container\" ><div class=\"vc_row wpb_row vc_row-fluid vc_custom_1614457825987\"><div class=\"wpb_column vc_column_container vc_col-sm-6\"><div class=\"vc_column-inner\"><div class=\"wpb_wrapper\">\n\t<div  class=\"wpb_single_image wpb_content_element vc_align_center\">\n\t\t\n\t\t<figure class=\"wpb_wrapper vc_figure\">\n\t\t\t<div class=\"vc_single_image-wrapper   vc_box_border_grey\"><img loading=\"lazy\" decoding=\"async\" width=\"1500\" height=\"1000\" src=\"https:\/\/dalvakum.com\/wp-content\/uploads\/2021\/03\/INDUSTRIES-02.jpeg\" class=\"vc_single_image-img attachment-full\" alt=\"\" \/><\/div>\n\t\t<\/figure>\n\t<\/div>\n<\/div><\/div><\/div><div class=\"wpb_column vc_column_container vc_col-sm-6\"><div class=\"vc_column-inner\"><div class=\"wpb_wrapper\">\n\t<div class=\"wpb_text_column wpb_content_element  vc_custom_1642101025615\" >\n\t\t<div class=\"wpb_wrapper\">\n\t\t\t<p class=\"MsoNormal\" style=\"text-align: center;\">Ayr\u0131ca, optimum hizmetlere ula\u015fmak i\u00e7in, bizi ilerlemeye ve yeni faaliyetlere girmeye iten i\u015fg\u00fcc\u00fc piyasas\u0131n\u0131n geli\u015fmelerini geni\u015fletme, geli\u015ftirme ve \u00f6z\u00fcmseme yetene\u011fimiz geliyor<\/p>\n<p class=\"MsoNormal\" style=\"text-align: center;\">her zaman yeni projelere ba\u015flamaya haz\u0131r\u0131z. fikirler ve onlar\u0131 ger\u00e7e\u011fe d\u00f6n\u00fc\u015ft\u00fcrmelerine yard\u0131mc\u0131 olmak.<\/p>\n\n\t\t<\/div>\n\t<\/div>\n<\/div><\/div><\/div><\/div><\/div><div class=\"container\" ><div class=\"vc_row wpb_row vc_row-fluid\"><div class=\"wpb_column vc_column_container vc_col-sm-12\"><div class=\"vc_column-inner\"><div class=\"wpb_wrapper\">\n\t<div class=\"wpb_text_column wpb_content_element  vc_custom_1614457610451\" >\n\t\t<div class=\"wpb_wrapper\">\n\t\t\t<blockquote><p>\nWe are always ready to provide customized solutions according to our customer\u2019s expectations. Our constant dedication is working to serve our customers better and offering best solutions by following changing demands and innovative technology developments in production.\n<\/p><\/blockquote>\n\n\t\t<\/div>\n\t<\/div>\n<\/div><\/div><\/div><\/div><\/div>","protected":false},"excerpt":{"rendered":"INDUSTRIES DAL Vacuum provides services to many sectors and industries such as foodstuffs, medicine, and agriculture, with ideal packaging solutions. We also serve our customers who want to design their own products and solutions. Our service attitude is to boost our customer\u2019s satisfaction. A pr\u2019mary focus on communication at every level is critical to our [...]","protected":false},"author":1,"featured_media":0,"parent":0,"menu_order":0,"comment_status":"closed","ping_status":"closed","template":"","meta":{"om_disable_all_campaigns":false,"footnotes":""},"class_list":["post-991","page","type-page","status-publish","hentry"],"_links":{"self":[{"href":"https:\/\/dalvakum.com\/tr\/wp-json\/wp\/v2\/pages\/991","targetHints":{"allow":["GET"]}}],"collection":[{"href":"https:\/\/dalvakum.com\/tr\/wp-json\/wp\/v2\/pages"}],"about":[{"href":"https:\/\/dalvakum.com\/tr\/wp-json\/wp\/v2\/types\/page"}],"author":[{"embeddable":true,"href":"https:\/\/dalvakum.com\/tr\/wp-json\/wp\/v2\/users\/1"}],"replies":[{"embeddable":true,"href":"https:\/\/dalvakum.com\/tr\/wp-json\/wp\/v2\/comments?post=991"}],"version-history":[{"count":5,"href":"https:\/\/dalvakum.com\/tr\/wp-json\/wp\/v2\/pages\/991\/revisions"}],"predecessor-version":[{"id":1732,"href":"https:\/\/dalvakum.com\/tr\/wp-json\/wp\/v2\/pages\/991\/revisions\/1732"}],"wp:attachment":[{"href":"https:\/\/dalvakum.com\/tr\/wp-json\/wp\/v2\/media?parent=991"}],"curies":[{"name":"wp","href":"https:\/\/api.w.org\/{rel}","templated":true}]}}