{"id":983,"date":"2021-02-24T10:09:09","date_gmt":"2021-02-24T10:09:09","guid":{"rendered":"https:\/\/dalvakum.com\/?page_id=983"},"modified":"2022-01-13T19:10:13","modified_gmt":"2022-01-13T19:10:13","slug":"technologies","status":"publish","type":"page","link":"https:\/\/dalvakum.com\/tr\/technologies\/","title":{"rendered":"Technologies"},"content":{"rendered":"<div class=\"container\" ><div class=\"vc_row wpb_row vc_row-fluid\"><div class=\"wpb_column vc_column_container vc_col-sm-12\"><div class=\"vc_column-inner\"><div class=\"wpb_wrapper\">\t\t\t<div\n\t\t\t\tclass=\"darna-heading style1 margin-bottom-40\" >\n\t\t\t\t\t\t\t\t\t<h2>\u0130leri Teknoloji<\/h2>\n\t\t\t\t\t\t\t\t\t\t\t<\/div>\n\t\t\t<\/div><\/div><\/div><\/div><\/div><div class=\"container\" ><div class=\"vc_row wpb_row vc_row-fluid\"><div class=\"wpb_column vc_column_container vc_col-sm-6\"><div class=\"vc_column-inner\"><div class=\"wpb_wrapper\">\n\t<div  class=\"wpb_single_image wpb_content_element vc_align_center\">\n\t\t\n\t\t<figure class=\"wpb_wrapper vc_figure\">\n\t\t\t<div class=\"vc_single_image-wrapper   vc_box_border_grey\"><img loading=\"lazy\" decoding=\"async\" width=\"620\" height=\"414\" src=\"https:\/\/dalvakum.com\/wp-content\/uploads\/2021\/03\/TECHNOLOGIES-01.jpg\" class=\"vc_single_image-img attachment-full\" alt=\"\" \/><\/div>\n\t\t<\/figure>\n\t<\/div>\n<\/div><\/div><\/div><div class=\"wpb_column vc_column_container vc_col-sm-6\"><div class=\"vc_column-inner\"><div class=\"wpb_wrapper\">\n\t<div class=\"wpb_text_column wpb_content_element  vc_custom_1642100991139\" >\n\t\t<div class=\"wpb_wrapper\">\n\t\t\t<p style=\"text-align: center;\">M\u00fc\u015fterilerimizin ihtiya\u00e7lar\u0131n\u0131 ve i\u015f gereksinimlerini belirledikten sonra, y\u00fcksek kaliteli sonu\u00e7lar \u00fcretmek i\u00e7in ileri teknolojilere sahip \u00fcr\u00fcnler tasarlamaya devam ediyoruz, \u00e7\u00fcnk\u00fc \u00fcr\u00fcnlerimizin yorumlar\u0131na g\u00f6re s\u00fcrekli geli\u015ftirme ve iyile\u015ftirme s\u00fcreci ile kaliteyi her zaman art\u0131rmay\u0131 taahh\u00fct ediyoruz. pazarlarda m\u00fc\u015fteriler ve al\u0131c\u0131lar, yani onlar\u0131n ihtiya\u00e7lar\u0131n\u0131 s\u00fcrekli dinler ve buna g\u00f6re geli\u015firiz.<\/p>\n<p style=\"text-align: center;\">DAL Vakum'da, m\u00fc\u015fterilerimizin \u00f6zel ve bireysel gereksinimlerini de dikkate al\u0131yor, m\u00fc\u015fterilerinin g\u00fcvenini art\u0131ran \u00fcst\u00fcn kaliteli \u00fcr\u00fcnler ihra\u00e7 ederek i\u015f b\u00fcy\u00fcme ve geli\u015fme f\u0131rsatlar\u0131n\u0131 destekliyoruz.<\/p>\n\n\t\t<\/div>\n\t<\/div>\n<\/div><\/div><\/div><\/div><\/div><div class=\"container\" ><div class=\"vc_row wpb_row vc_row-fluid vc_custom_1614457815688\"><div class=\"wpb_column vc_column_container vc_col-sm-6\"><div class=\"vc_column-inner\"><div class=\"wpb_wrapper\">\n\t<div class=\"wpb_text_column wpb_content_element  vc_custom_1642101009714\" >\n\t\t<div class=\"wpb_wrapper\">\n\t\t\t<p style=\"text-align: center;\">M\u00fc\u015fterilerimizin ihtiya\u00e7 duydu\u011fu \u00fcr\u00fcnlerin tasar\u0131m d\u00f6ng\u00fcs\u00fcn\u00fc tamamlad\u0131\u011f\u0131m\u0131zda, \u00fcretim biriminin en yeni makineler ve tasar\u0131m ve m\u00fchendislik uzmanlar\u0131ndan olu\u015fan ekibimiz taraf\u0131ndan y\u00f6netilen geli\u015fmi\u015f cihazlarla donat\u0131lm\u0131\u015f \u00fcretim hatt\u0131m\u0131z\u0131 kullanarak \u00fcr\u00fcnleri \u00fcretmeye ba\u015flar\u0131z. k\u00fcresel \u00fcretim y\u00f6ntemleri ve teknikleri,<\/p>\n<p style=\"text-align: center;\">k\u00fcresel \u00fcretim y\u00f6ntemleri ve teknikleri, bu nedenle, bu alanda kalite ve \u00fcst\u00fcn hizmet i\u00e7in \u00f6nemli bir de\u011fere g\u00fcvenilir bir \u015fekilde ula\u015f\u0131yoruz.<\/p>\n\n\t\t<\/div>\n\t<\/div>\n<\/div><\/div><\/div><div class=\"wpb_column vc_column_container vc_col-sm-6\"><div class=\"vc_column-inner\"><div class=\"wpb_wrapper\">\n\t<div  class=\"wpb_single_image wpb_content_element vc_align_center\">\n\t\t\n\t\t<figure class=\"wpb_wrapper vc_figure\">\n\t\t\t<div class=\"vc_single_image-wrapper   vc_box_border_grey\"><img loading=\"lazy\" decoding=\"async\" width=\"1156\" height=\"665\" src=\"https:\/\/dalvakum.com\/wp-content\/uploads\/2021\/03\/TECHNOLOGIES-02.jpg\" class=\"vc_single_image-img attachment-full\" alt=\"\" \/><\/div>\n\t\t<\/figure>\n\t<\/div>\n<\/div><\/div><\/div><\/div><\/div><div class=\"container\" ><div class=\"vc_row wpb_row vc_row-fluid\"><div class=\"wpb_column vc_column_container vc_col-sm-12\"><div class=\"vc_column-inner\"><div class=\"wpb_wrapper\">\n\t<div class=\"wpb_text_column wpb_content_element  vc_custom_1614457753940\" >\n\t\t<div class=\"wpb_wrapper\">\n\t\t\t<blockquote><p>\nUzman tasar\u0131m ve m\u00fchendislik ekibimizin yan\u0131 s\u0131ra en verimli \u00fcretim y\u00f6ntemleri sayesinde, pazarda s\u00fcrekli olarak y\u00fcksek d\u00fczeyde kalite, hizmet ve yetenek elde edebiliyoruz.\n<\/p><\/blockquote>\n\n\t\t<\/div>\n\t<\/div>\n<\/div><\/div><\/div><\/div><\/div>","protected":false},"excerpt":{"rendered":"TECHNOLOGIES Subsequent to defining our clients' needs and prerequisites, we start to design high-quality disposable plastic products with reasonable expenses. We generally have the commitment to foster our product items as per the feedback of clients and buyers in the market. At DAL Vacuum, we additionally consider the requirements of our clients and support their [...]","protected":false},"author":1,"featured_media":0,"parent":0,"menu_order":0,"comment_status":"closed","ping_status":"closed","template":"","meta":{"om_disable_all_campaigns":false,"footnotes":""},"class_list":["post-983","page","type-page","status-publish","hentry"],"_links":{"self":[{"href":"https:\/\/dalvakum.com\/tr\/wp-json\/wp\/v2\/pages\/983","targetHints":{"allow":["GET"]}}],"collection":[{"href":"https:\/\/dalvakum.com\/tr\/wp-json\/wp\/v2\/pages"}],"about":[{"href":"https:\/\/dalvakum.com\/tr\/wp-json\/wp\/v2\/types\/page"}],"author":[{"embeddable":true,"href":"https:\/\/dalvakum.com\/tr\/wp-json\/wp\/v2\/users\/1"}],"replies":[{"embeddable":true,"href":"https:\/\/dalvakum.com\/tr\/wp-json\/wp\/v2\/comments?post=983"}],"version-history":[{"count":6,"href":"https:\/\/dalvakum.com\/tr\/wp-json\/wp\/v2\/pages\/983\/revisions"}],"predecessor-version":[{"id":1461,"href":"https:\/\/dalvakum.com\/tr\/wp-json\/wp\/v2\/pages\/983\/revisions\/1461"}],"wp:attachment":[{"href":"https:\/\/dalvakum.com\/tr\/wp-json\/wp\/v2\/media?parent=983"}],"curies":[{"name":"wp","href":"https:\/\/api.w.org\/{rel}","templated":true}]}}