{"id":972,"date":"2021-02-24T09:49:15","date_gmt":"2021-02-24T09:49:15","guid":{"rendered":"https:\/\/dalvakum.com\/?page_id=972"},"modified":"2022-01-30T18:12:09","modified_gmt":"2022-01-30T18:12:09","slug":"about-us","status":"publish","type":"page","link":"https:\/\/dalvakum.com\/tr\/about-us\/","title":{"rendered":"About Us Page"},"content":{"rendered":"<div id=\"about-us\"  class=\"container\" ><div class=\"vc_row wpb_row vc_row-fluid margin-bottom-100 vc_custom_1614953128534\"><div class=\"col-md-6 col-sm-12 wpb_column vc_column_container vc_col-sm-6\"><div class=\"vc_column-inner\"><div class=\"wpb_wrapper\"><div class=\"fullwidth\" ><div class=\"vc_row wpb_row vc_inner vc_row-fluid darna-single-image-style\"><div class=\"wpb_column vc_column_container vc_col-sm-12\"><div class=\"vc_column-inner\"><div class=\"wpb_wrapper\">\n\t<div  class=\"wpb_single_image wpb_content_element vc_align_center   darna-single-image-style xs-margin-bottom-15\">\n\t\t\n\t\t<figure class=\"wpb_wrapper vc_figure\">\n\t\t\t<div class=\"vc_single_image-wrapper   vc_box_border_grey\"><img loading=\"lazy\" decoding=\"async\" width=\"2560\" height=\"1707\" src=\"https:\/\/dalvakum.com\/wp-content\/uploads\/2022\/01\/About_Us_01-scaled.jpg\" class=\"vc_single_image-img attachment-full\" alt=\"\" \/><\/div>\n\t\t<\/figure>\n\t<\/div>\n<\/div><\/div><\/div><\/div><\/div><\/div><\/div><\/div><div class=\"col-md-6 col-sm-12 wpb_column vc_column_container vc_col-sm-6\"><div class=\"vc_column-inner\"><div class=\"wpb_wrapper\">\t\t\t<div\n\t\t\t\tclass=\"darna-icon-box style3\" >\n\t\t\t\t<a class=\"ibox-icon\" title=\"\"\n\t\t\t\t   target=\"_self\" href=\"#\">\n\t\t\t\t\t\t\t\t\t\t\t<i class=\"fa fa-suitcase\"><\/i>\n\t\t\t\t\t\t\t\t\t<\/a>\n\t\t\t\t\t\t\t\t\t<h3><a title=\"\" target=\"_self\"\n\t\t\t\t\t       href=\"#\">HAKKIMIZDA<\/a><\/h3>\n\t\t\t\t\t\t\t\t\t<p>DAL Vakum, bardak, tabak ve plastik kapak i\u00e7eren tek kullan\u0131ml\u0131k g\u0131da ambalaj kaplar\u0131n\u0131n yan\u0131 s\u0131ra \u00e7e\u015fitli kozmetik, elektronik ve hatta tar\u0131m \u00fcr\u00fcnlerinin di\u011fer bir\u00e7ok \u00fcr\u00fcnle paketlenmesinde kullan\u0131lan teneke kutular gibi bir\u00e7ok alanda kullan\u0131lan ambalaj \u00fcr\u00fcnlerinin imalat\u0131nda uzmanla\u015fm\u0131\u015f bir firmad\u0131r. M\u00fc\u015fterilerimize \u00f6zelle\u015ftirilmi\u015f bir hizmet sunarak, her zaman sa\u011fl\u0131kl\u0131 ve kaliteli plastik ambalaj malzemeleri ve \u00e7\u00f6z\u00fcmleri sunmaya odakland\u0131k. Kalite kontrol yakla\u015f\u0131m\u0131m\u0131z ve sistemlerimiz, piyasaya s\u00fcr\u00fclmeden \u00f6nce kapsaml\u0131 bir \u015fekilde test edilecek \u00fcr\u00fcnlerin \u00e7oklu denetimlerini i\u00e7erir<br \/>\ni\u00e7erir<\/p>\n\t\t\t\t\t\t\t<\/div>\n\t\t\t<div class=\"fullwidth\" ><div class=\"vc_row wpb_row vc_inner vc_row-fluid vc_custom_1614367293644\"><div class=\"wpb_column vc_column_container vc_col-sm-12\"><div class=\"vc_column-inner\"><div class=\"wpb_wrapper\">\t\t\t\t\t\t<a class=\"darna-button size-sm style1 icon-left  margin-right-7 xs-margin-bottom-15\"\n\t\t\t   href=\"https:\/\/dalvakum.com\/tr\/contact-us\/\"\n\t\t\t   title=\"\u0130LET\u0130\u015e\u0130M\"\n\t\t\t   target=\"_self\"\n\t\t\t\t>\n\t\t\t\t\u0130LET\u0130\u015e\u0130M\t\t\t<\/a>\n\t\t\t\t\t<\/div><\/div><\/div><\/div><\/div><\/div><\/div><\/div><\/div><\/div><div id=\"vision-mission\"  class=\"fullwidth\" ><div class=\"vc_row wpb_row vc_row-fluid margin-bottom-100 vc_custom_1642088339461\"><div class=\"wpb_column vc_column_container vc_col-sm-12\"><div class=\"vc_column-inner\"><div class=\"wpb_wrapper\">\t\t\t<div\n\t\t\t\tclass=\"darna-heading style2 margin-top-50\" >\n\t\t\t\t\t\t\t\t\t<h2>Vizyon ve Misyon<\/h2>\n\t\t\t\t\t\t\t\t\t\t\t\t\t<p>Tutkumuz ve H\u0131rs\u0131m\u0131z<\/p>\n\t\t\t\t\t\t\t<\/div>\n\t\t\t<div class=\"container\" ><div class=\"vc_row wpb_row vc_inner vc_row-fluid vc_custom_1614367946128\"><div class=\"wpb_column vc_column_container vc_col-sm-6\"><div class=\"vc_column-inner\"><div class=\"wpb_wrapper\">\n\t<div class=\"wpb_text_column wpb_content_element\" >\n\t\t<div class=\"wpb_wrapper\">\n\t\t\t<h2 style=\"text-align: center;\"><span style=\"color: #ffffff;\">G\u00f6r\u00fc\u015f<\/span><\/h2>\n<p style=\"text-align: center;\"><span style=\"color: #ffffff;\">T\u00fcrkiye'den t\u00fcm d\u00fcnyaya y\u00fcksek kaliteli ve s\u00fcrd\u00fcr\u00fclebilir ambalaj \u00e7\u00f6z\u00fcmlerinin lider sa\u011flay\u0131c\u0131s\u0131 olmay\u0131 hedefliyoruz.<\/span><\/p>\n\n\t\t<\/div>\n\t<\/div>\n<\/div><\/div><\/div><div class=\"wpb_column vc_column_container vc_col-sm-6\"><div class=\"vc_column-inner\"><div class=\"wpb_wrapper\">\n\t<div class=\"wpb_text_column wpb_content_element\" >\n\t\t<div class=\"wpb_wrapper\">\n\t\t\t<h2 style=\"text-align: center;\"><span style=\"color: #ffffff;\">Mesaj<\/span><\/h2>\n<p style=\"text-align: center;\"><span style=\"color: #ffffff;\">Y\u00fcksek kaliteli, biyolojik olarak par\u00e7alanabilen, geri d\u00f6n\u00fc\u015ft\u00fcr\u00fclebilir, kullan\u0131m\u0131 g\u00fcvenli ve \u00e7evre dostu plastik ambalaj \u00fcr\u00fcnleri sunmak i\u00e7in elimizden gelenin en iyisini yap\u0131yoruz.<\/span><\/p>\n\n\t\t<\/div>\n\t<\/div>\n<\/div><\/div><\/div><\/div><\/div><\/div><\/div><\/div><\/div><\/div><div id=\"our-values\"  class=\"fullwidth\" ><div class=\"vc_row wpb_row vc_row-fluid margin-bottom-100 vc_custom_1614525066689\"><div class=\"wpb_column vc_column_container vc_col-sm-12\"><div class=\"vc_column-inner\"><div class=\"wpb_wrapper\">\t\t\t<div\n\t\t\t\tclass=\"darna-heading style2 margin-top-50\" >\n\t\t\t\t\t\t\t\t\t<h2>De\u011ferimiz<\/h2>\n\t\t\t\t\t\t\t\t\t\t\t\t\t<p>KURALLARIMIZ<\/p>\n\t\t\t\t\t\t\t<\/div>\n\t\t\t<\/div><\/div><\/div><div class=\"wpb_column vc_column_container vc_col-sm-12\"><div class=\"vc_column-inner\"><div class=\"wpb_wrapper\"><div class=\"container\" ><div class=\"vc_row wpb_row vc_inner vc_row-fluid margin-bottom-50 margin-top-30\"><div class=\"col-md-3 col-sm-12 col-xs-12 wpb_column vc_column_container vc_col-sm-3\"><div class=\"vc_column-inner\"><div class=\"wpb_wrapper\">\t\t\t<div\n\t\t\t\tclass=\"darna-process style1\" >\n\t\t\t\t\t\t\t\t\t\t\t\t\t<h3>01\t\t\t\t\t\t\t<i class=\"fa fa-long-arrow-right\"><\/i>\n\t\t\t\t\t\t\t\t\t\t\t<\/h3>\n\t\t\t\t\t\t\t\t\t\t\t\t\t<h2>\n\t\t\t\t\t\t<a target=\"_self\"\n\t\t\t\t\t\t   href=\"#\">Verimlilik<\/a>\n\t\t\t\t\t<\/h2>\n\t\t\t\t\t\t\t\t\t<p>Avrupa Birli\u011fi taraf\u0131ndan onaylanan en y\u00fcksek uluslararas\u0131 standartlara ve \u00f6zelliklere  g\u00f6re \u00fcretilen \u00fcst\u00fcn y\u00fcksek kaliteli \u00fcr\u00fcnlerimizle gurur duyuyoruz.<\/p>\n\t\t\t\t\t\t\t<\/div>\n\t\t\t<\/div><\/div><\/div><div class=\"col-md-3 col-sm-12 col-xs-12 wpb_column vc_column_container vc_col-sm-3\"><div class=\"vc_column-inner\"><div class=\"wpb_wrapper\">\t\t\t<div\n\t\t\t\tclass=\"darna-process style1\" >\n\t\t\t\t\t\t\t\t\t\t\t\t\t<h3>02\t\t\t\t\t\t\t<i class=\"fa fa-long-arrow-right\"><\/i>\n\t\t\t\t\t\t\t\t\t\t\t<\/h3>\n\t\t\t\t\t\t\t\t\t\t\t\t\t<h2>\n\t\t\t\t\t\t<a target=\"_self\"\n\t\t\t\t\t\t   href=\"#\">Deneyim<\/a>\n\t\t\t\t\t<\/h2>\n\t\t\t\t\t\t\t\t\t<p>Se\u00e7kin bir uzman grubu, i\u015fletmenizin ba\u015far\u0131s\u0131n\u0131 sa\u011flayacak en iyi \u00fcr\u00fcn ve hizmetleri bulmak i\u00e7in her t\u00fcrl\u00fc \u00e7abay\u0131 sarfediyor.<\/p>\n\t\t\t\t\t\t\t<\/div>\n\t\t\t<\/div><\/div><\/div><div class=\"col-md-3 col-sm-12 col-xs-12 wpb_column vc_column_container vc_col-sm-3\"><div class=\"vc_column-inner\"><div class=\"wpb_wrapper\">\t\t\t<div\n\t\t\t\tclass=\"darna-process style1\" >\n\t\t\t\t\t\t\t\t\t\t\t\t\t<h3>03\t\t\t\t\t\t\t<i class=\"fa fa-long-arrow-right\"><\/i>\n\t\t\t\t\t\t\t\t\t\t\t<\/h3>\n\t\t\t\t\t\t\t\t\t\t\t\t\t<h2>\n\t\t\t\t\t\t<a target=\"_self\"\n\t\t\t\t\t\t   href=\"#\">Esneklik<\/a>\n\t\t\t\t\t<\/h2>\n\t\t\t\t\t\t\t\t\t<p>M\u00fc\u015fterilerimizi her zaman uzun vadeli ortaklar olarak konumland\u0131r\u0131yoruz ve b\u00fcy\u00fcmelerine ve geli\u015fmelerine yard\u0131mc\u0131 olmak i\u00e7in i\u015flerine kar\u015f\u0131 sorumlulu\u011fumuzuz fark\u0131nday\u0131z.<\/p>\n\t\t\t\t\t\t\t<\/div>\n\t\t\t<\/div><\/div><\/div><div class=\"col-md-3 col-sm-12 col-xs-12 wpb_column vc_column_container vc_col-sm-3\"><div class=\"vc_column-inner\"><div class=\"wpb_wrapper\">\t\t\t<div\n\t\t\t\tclass=\"darna-process style1\" >\n\t\t\t\t\t\t\t\t\t\t\t\t\t<h3>04\t\t\t\t\t<\/h3>\n\t\t\t\t\t\t\t\t\t\t\t\t\t<h2>\n\t\t\t\t\t\t<a target=\"_self\"\n\t\t\t\t\t\t   href=\"#\">\u00c7e\u015fitlilik<\/a>\n\t\t\t\t\t<\/h2>\n\t\t\t\t\t\t\t\t\t<p>M\u00fc\u015fterilerin t\u00fcm ihtiya\u00e7lar\u0131n\u0131 ve yerel pazarlar\u0131n\u0131n gereksinimlerini kar\u015f\u0131layan yeni fikirleri benzersiz \u00fcr\u00fcnlerle ilerletmek ve geli\u015ftirmek i\u00e7in b\u00fcy\u00fck \u00e7aba sarf ediyoruz.<\/p>\n\t\t\t\t\t\t\t<\/div>\n\t\t\t<\/div><\/div><\/div><\/div><\/div><\/div><\/div><\/div><\/div><\/div>","protected":false},"excerpt":{"rendered":"ABOUT US At DAL Vacuum, we produce disposable packaging products ranging from plastic cups, plates, and lids, to other custom-made items, hence, the principal key that sets DAL Vacuum apart from other companies is its devotion to accomplishing top caliber and sterile expendable plastic packaging solutions. Our quality control framework incorporates severe assessments of completed [...]","protected":false},"author":1,"featured_media":0,"parent":0,"menu_order":0,"comment_status":"closed","ping_status":"closed","template":"","meta":{"om_disable_all_campaigns":false,"footnotes":""},"class_list":["post-972","page","type-page","status-publish","hentry"],"_links":{"self":[{"href":"https:\/\/dalvakum.com\/tr\/wp-json\/wp\/v2\/pages\/972","targetHints":{"allow":["GET"]}}],"collection":[{"href":"https:\/\/dalvakum.com\/tr\/wp-json\/wp\/v2\/pages"}],"about":[{"href":"https:\/\/dalvakum.com\/tr\/wp-json\/wp\/v2\/types\/page"}],"author":[{"embeddable":true,"href":"https:\/\/dalvakum.com\/tr\/wp-json\/wp\/v2\/users\/1"}],"replies":[{"embeddable":true,"href":"https:\/\/dalvakum.com\/tr\/wp-json\/wp\/v2\/comments?post=972"}],"version-history":[{"count":6,"href":"https:\/\/dalvakum.com\/tr\/wp-json\/wp\/v2\/pages\/972\/revisions"}],"predecessor-version":[{"id":1728,"href":"https:\/\/dalvakum.com\/tr\/wp-json\/wp\/v2\/pages\/972\/revisions\/1728"}],"wp:attachment":[{"href":"https:\/\/dalvakum.com\/tr\/wp-json\/wp\/v2\/media?parent=972"}],"curies":[{"name":"wp","href":"https:\/\/api.w.org\/{rel}","templated":true}]}}