{"id":1464,"date":"2022-01-13T19:12:50","date_gmt":"2022-01-13T19:12:50","guid":{"rendered":"https:\/\/dalvakum.com\/?page_id=1464"},"modified":"2022-01-13T19:13:12","modified_gmt":"2022-01-13T19:13:12","slug":"molds-design","status":"publish","type":"page","link":"https:\/\/dalvakum.com\/tr\/molds-design\/","title":{"rendered":"Kal\u0131p \u0130malat\u0131"},"content":{"rendered":"<div class=\"container\" ><div class=\"vc_row wpb_row vc_row-fluid\"><div class=\"wpb_column vc_column_container vc_col-sm-12\"><div class=\"vc_column-inner\"><div class=\"wpb_wrapper\">\t\t\t<div\n\t\t\t\tclass=\"darna-heading style1 margin-bottom-40\" >\n\t\t\t\t\t\t\t\t\t<h2>Kal\u0131p \u0130malat\u0131<\/h2>\n\t\t\t\t\t\t\t\t\t\t\t<\/div>\n\t\t\t<\/div><\/div><\/div><\/div><\/div><div class=\"container\" ><div class=\"vc_row wpb_row vc_row-fluid\"><div class=\"wpb_column vc_column_container vc_col-sm-6\"><div class=\"vc_column-inner\"><div class=\"wpb_wrapper\">\n\t<div  class=\"wpb_single_image wpb_content_element vc_align_center\">\n\t\t\n\t\t<figure class=\"wpb_wrapper vc_figure\">\n\t\t\t<div class=\"vc_single_image-wrapper   vc_box_border_grey\"><img loading=\"lazy\" decoding=\"async\" width=\"1920\" height=\"1080\" src=\"https:\/\/dalvakum.com\/wp-content\/uploads\/2022\/01\/Molds_01.png\" class=\"vc_single_image-img attachment-full\" alt=\"\" \/><\/div>\n\t\t<\/figure>\n\t<\/div>\n<\/div><\/div><\/div><div class=\"wpb_column vc_column_container vc_col-sm-6\"><div class=\"vc_column-inner\"><div class=\"wpb_wrapper\">\n\t<div class=\"wpb_text_column wpb_content_element  vc_custom_1642101113997\" >\n\t\t<div class=\"wpb_wrapper\">\n\t\t\t<p style=\"text-align: center;\">DAL Vakum, m\u00fc\u015fterilerimizin gereksinimlerini kar\u015f\u0131lamak i\u00e7in en son kal\u0131p yap\u0131m ekipmanlar\u0131n\u0131n kullan\u0131m\u0131n\u0131 y\u00fcksek kaliteli plastik par\u00e7alar ve geli\u015fmi\u015f bas\u0131n\u00e7l\u0131 d\u00f6k\u00fcm teknolojisi ile birle\u015ftirir; Derinden deneyimli ekibimiz, m\u00fc\u015fterilerimize kal\u0131p tasar\u0131m\u0131, kal\u0131p imalat\u0131 ve enjeksiyon kal\u0131plama par\u00e7alar\u0131nda \u00fcr\u00fcnlerinin rekabet g\u00fcc\u00fcn\u00fc art\u0131rmalar\u0131na yard\u0131mc\u0131 olmak i\u00e7in rekor s\u00fcrede rekabet\u00e7i ve h\u0131zl\u0131 teslimat ile y\u00fcksek kaliteli kal\u0131plar \u00fcreterek s\u00fcrekli olarak kusursuz hizmet sunmaya \u00e7al\u0131\u015fmaktad\u0131r; \u00d6zellikle ambalaj alan\u0131nda.<\/p>\n\n\t\t<\/div>\n\t<\/div>\n<\/div><\/div><\/div><\/div><\/div><div class=\"container\" ><div class=\"vc_row wpb_row vc_row-fluid vc_custom_1614457815688\"><div class=\"wpb_column vc_column_container vc_col-sm-6\"><div class=\"vc_column-inner\"><div class=\"wpb_wrapper\">\n\t<div class=\"wpb_text_column wpb_content_element  vc_custom_1642101127827\" >\n\t\t<div class=\"wpb_wrapper\">\n\t\t\t<p style=\"text-align: center;\">Derinden deneyimli ekibimiz, m\u00fc\u015fterilerimize kal\u0131p tasar\u0131m\u0131, kal\u0131p imalat\u0131 ve enjeksiyon kal\u0131plama par\u00e7alar\u0131nda \u00fcr\u00fcnlerinin rekabet g\u00fcc\u00fcn\u00fc art\u0131rmalar\u0131na yard\u0131mc\u0131 olmak i\u00e7in rekor s\u00fcrede rekabet\u00e7i ve h\u0131zl\u0131 teslimat ile y\u00fcksek kaliteli kal\u0131plar \u00fcreterek s\u00fcrekli olarak kusursuz hizmet sunmaya \u00e7al\u0131\u015fmaktad\u0131r; \u00d6zellikle ambalaj alan\u0131nda.<\/p>\n\n\t\t<\/div>\n\t<\/div>\n<\/div><\/div><\/div><div class=\"wpb_column vc_column_container vc_col-sm-6\"><div class=\"vc_column-inner\"><div class=\"wpb_wrapper\">\n\t<div  class=\"wpb_single_image wpb_content_element vc_align_center\">\n\t\t\n\t\t<figure class=\"wpb_wrapper vc_figure\">\n\t\t\t<div class=\"vc_single_image-wrapper   vc_box_border_grey\"><img loading=\"lazy\" decoding=\"async\" width=\"1920\" height=\"1080\" src=\"https:\/\/dalvakum.com\/wp-content\/uploads\/2022\/01\/Molds_02.png\" class=\"vc_single_image-img attachment-full\" alt=\"\" \/><\/div>\n\t\t<\/figure>\n\t<\/div>\n<\/div><\/div><\/div><\/div><\/div><div class=\"container\" ><div class=\"vc_row wpb_row vc_row-fluid\"><div class=\"wpb_column vc_column_container vc_col-sm-12\"><div class=\"vc_column-inner\"><div class=\"wpb_wrapper\">\n\t<div class=\"wpb_text_column wpb_content_element  vc_custom_1614457753940\" >\n\t\t<div class=\"wpb_wrapper\">\n\t\t\t<blockquote><p>\nUzman tasar\u0131m ve m\u00fchendislik ekibimizin yan\u0131 s\u0131ra en verimli \u00fcretim y\u00f6ntemleri sayesinde, pazarda s\u00fcrekli olarak y\u00fcksek d\u00fczeyde kalite, hizmet ve yetenek elde edebiliyoruz.\n<\/p><\/blockquote>\n\n\t\t<\/div>\n\t<\/div>\n<\/div><\/div><\/div><\/div><\/div>","protected":false},"excerpt":{"rendered":"MOLDS DESIGN DAL Vacuum combines international state-of-the-art equipment and mold making and plastic part and dies casting experience to meet our customers' demands; our team with collective experience constantly strives to refine and perfect our skills; we provide one-stop service and high-quality mold and part with competitive and fast delivery, to help clients improve their [...]","protected":false},"author":2,"featured_media":0,"parent":0,"menu_order":0,"comment_status":"closed","ping_status":"closed","template":"","meta":{"om_disable_all_campaigns":false,"footnotes":""},"class_list":["post-1464","page","type-page","status-publish","hentry"],"_links":{"self":[{"href":"https:\/\/dalvakum.com\/tr\/wp-json\/wp\/v2\/pages\/1464","targetHints":{"allow":["GET"]}}],"collection":[{"href":"https:\/\/dalvakum.com\/tr\/wp-json\/wp\/v2\/pages"}],"about":[{"href":"https:\/\/dalvakum.com\/tr\/wp-json\/wp\/v2\/types\/page"}],"author":[{"embeddable":true,"href":"https:\/\/dalvakum.com\/tr\/wp-json\/wp\/v2\/users\/2"}],"replies":[{"embeddable":true,"href":"https:\/\/dalvakum.com\/tr\/wp-json\/wp\/v2\/comments?post=1464"}],"version-history":[{"count":2,"href":"https:\/\/dalvakum.com\/tr\/wp-json\/wp\/v2\/pages\/1464\/revisions"}],"predecessor-version":[{"id":1466,"href":"https:\/\/dalvakum.com\/tr\/wp-json\/wp\/v2\/pages\/1464\/revisions\/1466"}],"wp:attachment":[{"href":"https:\/\/dalvakum.com\/tr\/wp-json\/wp\/v2\/media?parent=1464"}],"curies":[{"name":"wp","href":"https:\/\/api.w.org\/{rel}","templated":true}]}}