{"id":1463,"date":"2022-01-13T19:14:33","date_gmt":"2022-01-13T19:14:33","guid":{"rendered":"https:\/\/dalvakum.com\/?page_id=1463"},"modified":"2022-01-13T19:15:57","modified_gmt":"2022-01-13T19:15:57","slug":"trade-export-materials","status":"publish","type":"page","link":"https:\/\/dalvakum.com\/tr\/trade-export-materials\/","title":{"rendered":"Malzeme Ticareti ve \u0130hracat\u0131"},"content":{"rendered":"<div class=\"container\" ><div class=\"vc_row wpb_row vc_row-fluid\"><div class=\"wpb_column vc_column_container vc_col-sm-12\"><div class=\"vc_column-inner\"><div class=\"wpb_wrapper\">\t\t\t<div\n\t\t\t\tclass=\"darna-heading style1 margin-bottom-40\" >\n\t\t\t\t\t\t\t\t\t<h2>Malzeme Ticareti ve \u0130hracat\u0131<\/h2>\n\t\t\t\t\t\t\t\t\t\t\t<\/div>\n\t\t\t<\/div><\/div><\/div><\/div><\/div><div class=\"container\" ><div class=\"vc_row wpb_row vc_row-fluid\"><div class=\"wpb_column vc_column_container vc_col-sm-6\"><div class=\"vc_column-inner\"><div class=\"wpb_wrapper\">\n\t<div  class=\"wpb_single_image wpb_content_element vc_align_center\">\n\t\t\n\t\t<figure class=\"wpb_wrapper vc_figure\">\n\t\t\t<div class=\"vc_single_image-wrapper   vc_box_border_grey\"><img loading=\"lazy\" decoding=\"async\" width=\"1920\" height=\"1080\" src=\"https:\/\/dalvakum.com\/wp-content\/uploads\/2022\/01\/Export_01.png\" class=\"vc_single_image-img attachment-full\" alt=\"\" \/><\/div>\n\t\t<\/figure>\n\t<\/div>\n<\/div><\/div><\/div><div class=\"wpb_column vc_column_container vc_col-sm-6\"><div class=\"vc_column-inner\"><div class=\"wpb_wrapper\">\n\t<div class=\"wpb_text_column wpb_content_element  vc_custom_1642101352986\" >\n\t\t<div class=\"wpb_wrapper\">\n\t\t\t<p class=\"MsoNormal\" style=\"text-align: center;\"><span style=\"background: white; mso-highlight: white;\">\u015eirketimizin faaliyetleri uluslararas\u0131 ticaret ve ihracata y\u00f6nelik oldu\u011fundan, her yere nakliye ve nakliye operasyonlar\u0131 sa\u011flaman\u0131n yan\u0131 s\u0131ra, uluslararas\u0131 pazarlar\u0131n ve yerel pazarlar\u0131n \u00e7o\u011funun ihtiya\u00e7lar\u0131na y\u00f6nelik kapsaml\u0131 bilgi birikimimiz ile hizmetlerimizi ve \u00fcr\u00fcnlerimizi a\u011f\u0131rl\u0131kl\u0131 olarak t\u00fcm d\u00fcnyaya sunuyoruz. stratejik merkezimizin bize Avrupa, Asya ve Orta Do\u011fu'daki \u00fc\u00e7 ana merkezdeki K\u00fcresel pazarlara konum ve yak\u0131nl\u0131k ayr\u0131cal\u0131\u011f\u0131 sa\u011flad\u0131\u011f\u0131 T\u00fcrkiye'den d\u00fcnyada. Ayr\u0131ca toptan men\u00fc ve tekliflerimiz t\u00fcm m\u00fc\u015fterilerimizin ihtiya\u00e7lar\u0131n\u0131 kar\u015f\u0131lamaktad\u0131r. <\/span><\/p>\n\n\t\t<\/div>\n\t<\/div>\n<\/div><\/div><\/div><\/div><\/div><div class=\"container\" ><div class=\"vc_row wpb_row vc_row-fluid\"><div class=\"wpb_column vc_column_container vc_col-sm-12\"><div class=\"vc_column-inner\"><div class=\"wpb_wrapper\">\n\t<div class=\"wpb_text_column wpb_content_element  vc_custom_1614457753940\" >\n\t\t<div class=\"wpb_wrapper\">\n\t\t\t<blockquote><p>\nUzman tasar\u0131m ve m\u00fchendislik ekibimizin yan\u0131 s\u0131ra en verimli \u00fcretim y\u00f6ntemleri sayesinde, pazarda s\u00fcrekli olarak y\u00fcksek d\u00fczeyde kalite, hizmet ve yetenek elde edebiliyoruz.\n<\/p><\/blockquote>\n\n\t\t<\/div>\n\t<\/div>\n<\/div><\/div><\/div><\/div><\/div>","protected":false},"excerpt":{"rendered":"TRADE &amp; EXPORT MATERIALS Our company's activities are international trade and export-oriented, so we basically provide our services and products all over the world with our extensive knowledge of the international and most local market's needs, with a flawless simple shipping process because we are based in Turkey, which provides us with the central location [...]","protected":false},"author":2,"featured_media":0,"parent":0,"menu_order":0,"comment_status":"closed","ping_status":"closed","template":"","meta":{"om_disable_all_campaigns":false,"footnotes":""},"class_list":["post-1463","page","type-page","status-publish","hentry"],"_links":{"self":[{"href":"https:\/\/dalvakum.com\/tr\/wp-json\/wp\/v2\/pages\/1463","targetHints":{"allow":["GET"]}}],"collection":[{"href":"https:\/\/dalvakum.com\/tr\/wp-json\/wp\/v2\/pages"}],"about":[{"href":"https:\/\/dalvakum.com\/tr\/wp-json\/wp\/v2\/types\/page"}],"author":[{"embeddable":true,"href":"https:\/\/dalvakum.com\/tr\/wp-json\/wp\/v2\/users\/2"}],"replies":[{"embeddable":true,"href":"https:\/\/dalvakum.com\/tr\/wp-json\/wp\/v2\/comments?post=1463"}],"version-history":[{"count":2,"href":"https:\/\/dalvakum.com\/tr\/wp-json\/wp\/v2\/pages\/1463\/revisions"}],"predecessor-version":[{"id":1470,"href":"https:\/\/dalvakum.com\/tr\/wp-json\/wp\/v2\/pages\/1463\/revisions\/1470"}],"wp:attachment":[{"href":"https:\/\/dalvakum.com\/tr\/wp-json\/wp\/v2\/media?parent=1463"}],"curies":[{"name":"wp","href":"https:\/\/api.w.org\/{rel}","templated":true}]}}