{"id":117,"date":"2015-07-18T09:24:53","date_gmt":"2015-07-18T09:24:53","guid":{"rendered":"https:\/\/dalvakum.com\/?page_id=117"},"modified":"2022-03-04T10:04:18","modified_gmt":"2022-03-04T10:04:18","slug":"contact-us","status":"publish","type":"page","link":"https:\/\/dalvakum.com\/tr\/contact-us\/","title":{"rendered":"Bizimle irtibata ge\u00e7in"},"content":{"rendered":"<div class=\"container\" ><div class=\"vc_row wpb_row vc_row-fluid margin-bottom-90\"><div class=\"wpb_column vc_column_container vc_col-sm-12\"><div class=\"vc_column-inner\"><div class=\"wpb_wrapper\">\t\t\t<div\n\t\t\t\tclass=\"darna-heading style1 margin-bottom-40\" >\n\t\t\t\t\t\t\t\t\t<h2>Bizimle irtibata ge\u00e7in<\/h2>\n\t\t\t\t\t\t\t\t\t\t\t<\/div>\n\t\t\t<\/div><\/div><\/div><div class=\"col-md-4 col-sm-12 wpb_column vc_column_container vc_col-sm-4\"><div class=\"vc_column-inner\"><div class=\"wpb_wrapper\">\t\t\t<div\n\t\t\t\tclass=\"darna-icon-box style4 contact-p\" >\n\t\t\t\t<a class=\"ibox-icon\" title=\"\"\n\t\t\t\t   target=\"_self\" href=\"#\">\n\t\t\t\t\t\t\t\t\t\t\t<i class=\"fa fa-road\"><\/i>\n\t\t\t\t\t\t\t\t\t<\/a>\n\t\t\t\t\t\t\t\t\t<h3><a title=\"\" target=\"_self\"\n\t\t\t\t\t       href=\"#\">Adres<\/a><\/h3>\n\t\t\t\t\t\t\t\t\t<p>SANAYI Mah. 60016 Cd. C Blok. No:34.<br \/>\nGaziantep. Turkey<\/p>\n\t\t\t\t\t\t\t<\/div>\n\t\t\t<\/div><\/div><\/div><div class=\"col-md-4 col-sm-12 wpb_column vc_column_container vc_col-sm-4\"><div class=\"vc_column-inner\"><div class=\"wpb_wrapper\">\t\t\t<div\n\t\t\t\tclass=\"darna-icon-box style4 contact-p\" >\n\t\t\t\t<a class=\"ibox-icon\" title=\"\"\n\t\t\t\t   target=\"_self\" href=\"#\">\n\t\t\t\t\t\t\t\t\t\t\t<i class=\"fa fa-phone\"><\/i>\n\t\t\t\t\t\t\t\t\t<\/a>\n\t\t\t\t\t\t\t\t\t<h3><a title=\"\" target=\"_self\"\n\t\t\t\t\t       href=\"#\">Telefon numaralar\u0131<\/a><\/h3>\n\t\t\t\t\t\t\t\t\t<p>+90 539 550 65 24<br \/>\n+90 342 235 65 24<\/p>\n\t\t\t\t\t\t\t<\/div>\n\t\t\t<\/div><\/div><\/div><div class=\"col-md-4 col-sm-12 wpb_column vc_column_container vc_col-sm-4\"><div class=\"vc_column-inner\"><div class=\"wpb_wrapper\">\t\t\t<div\n\t\t\t\tclass=\"darna-icon-box style4 contact-p\" >\n\t\t\t\t<a class=\"ibox-icon\" title=\"\"\n\t\t\t\t   target=\"_self\" href=\"#\">\n\t\t\t\t\t\t\t\t\t\t\t<i class=\"fa fa-envelope\"><\/i>\n\t\t\t\t\t\t\t\t\t<\/a>\n\t\t\t\t\t\t\t\t\t<h3><a title=\"\" target=\"_self\"\n\t\t\t\t\t       href=\"#\">E-posta<\/a><\/h3>\n\t\t\t\t\t\t\t\t\t<p>INFO@DALVAKUM.COM<br \/>\nsales@dalvakum.com<\/p>\n\t\t\t\t\t\t\t<\/div>\n\t\t\t<\/div><\/div><\/div><\/div><\/div><div class=\"fullwidth\" ><div class=\"vc_row wpb_row vc_row-fluid margin-bottom-100\"><div class=\"wpb_column vc_column_container vc_col-sm-12\"><div class=\"vc_column-inner\"><div class=\"wpb_wrapper\">\n\t<div class=\"wpb_raw_code wpb_content_element wpb_raw_html\" >\n\t\t<div class=\"wpb_wrapper\">\n\t\t\t<iframe src=\"https:\/\/www.google.com\/maps\/embed?pb=!1m18!1m12!1m3!1d3183.204652096455!2d37.42838051529767!3d37.076432379892616!2m3!1f0!2f0!3f0!3m2!1i1024!2i768!4f13.1!3m3!1m2!1s0x0%3A0x2082a56040e42b20!2sDAL%20VAKUM%20AMBALAJ!5e0!3m2!1sen!2str!4v1646385786359!5m2!1sen!2str\" width=\"600\" height=\"450\" style=\"border:0;\" allowfullscreen=\"\" loading=\"lazy\"><\/iframe>\n\t\t<\/div>\n\t<\/div>\n<\/div><\/div><\/div><\/div><\/div><div class=\"container\" ><div class=\"vc_row wpb_row vc_row-fluid margin-bottom-100\"><div class=\"wpb_column vc_column_container vc_col-sm-12\"><div class=\"vc_column-inner\"><div class=\"wpb_wrapper\">\t\t\t<div\n\t\t\t\tclass=\"darna-heading style1 margin-bottom-40\" >\n\t\t\t\t\t\t\t\t\t<h2>Mesaj g\u00f6nder<\/h2>\n\t\t\t\t\t\t\t\t\t\t\t\t\t<p>\u00c7abalar\u0131m\u0131z\u0131 her zaman hizmetinize ay\u0131r\u0131yoruz<\/p>\n\t\t\t\t\t\t\t<\/div>\n\t\t\t<div class=\"fullwidth\" ><div class=\"vc_row wpb_row vc_inner vc_row-fluid\"><div class=\"col-md-8 col-md-push-2 wpb_column vc_column_container vc_col-sm-12\"><div class=\"vc_column-inner\"><div class=\"wpb_wrapper\"><div role=\"form\" class=\"wpcf7\" id=\"wpcf7-f4-o1\" lang=\"en-US\" dir=\"ltr\">\n<div class=\"screen-reader-response\"><p role=\"status\" aria-live=\"polite\" aria-atomic=\"true\"><\/p> <ul><\/ul><\/div>\n<form action=\"\/tr\/wp-json\/wp\/v2\/pages\/117#wpcf7-f4-o1\" method=\"post\" class=\"wpcf7-form init\" enctype=\"multipart\/form-data\" novalidate=\"novalidate\" data-status=\"init\" data-trp-original-action=\"\/tr\/wp-json\/wp\/v2\/pages\/117#wpcf7-f4-o1\">\n<div style=\"display: none;\">\n<input type=\"hidden\" name=\"_wpcf7\" value=\"4\" \/>\n<input type=\"hidden\" name=\"_wpcf7_version\" value=\"5.5.6\" \/>\n<input type=\"hidden\" name=\"_wpcf7_locale\" value=\"en_US\" \/>\n<input type=\"hidden\" name=\"_wpcf7_unit_tag\" value=\"wpcf7-f4-o1\" \/>\n<input type=\"hidden\" name=\"_wpcf7_container_post\" value=\"0\" \/>\n<input type=\"hidden\" name=\"_wpcf7_posted_data_hash\" value=\"\" \/>\n<input type=\"hidden\" name=\"_wpcf7_recaptcha_response\" value=\"\" \/>\n<\/div>\n<div class=\"darna-contact-form row\">\n<div class=\"col-md-6\">\n\t\t<span class=\"wpcf7-form-control-wrap your-name\"><input type=\"text\" name=\"your-name\" value=\"\" size=\"40\" class=\"wpcf7-form-control wpcf7-text wpcf7-validates-as-required\" id=\"your-name\" aria-required=\"true\" aria-invalid=\"false\" placeholder=\"Ad\" \/><\/span>\n\t<\/div>\n<div class=\"col-md-6\">\n\t\t<span class=\"wpcf7-form-control-wrap your-email\"><input type=\"email\" name=\"your-email\" value=\"\" size=\"40\" class=\"wpcf7-form-control wpcf7-text wpcf7-email wpcf7-validates-as-required wpcf7-validates-as-email\" id=\"your-email\" aria-required=\"true\" aria-invalid=\"false\" placeholder=\"E-posta\" \/><\/span>\n\t<\/div>\n<div class=\"col-md-12\">\n\t\t<span class=\"wpcf7-form-control-wrap menu-908\"><select name=\"menu-908\" class=\"wpcf7-form-control wpcf7-select wpcf7-validates-as-required\" aria-required=\"true\" aria-invalid=\"false\"><option value=\"Please Select Product\">L\u00fctfen bir \u00fcr\u00fcn se\u00e7in<\/option><option value=\"FOOD CONTAINERS\">Yiyecek Kutular\u0131<\/option><option value=\"PLASTIC DIVIDER\">Seperat\u00f6r G\u0131da Kutular\u0131<\/option><option value=\"COSMETICS\">Kozmetik Kutular\u0131<\/option><option value=\"Other\">Di\u011fer<\/option><\/select><\/span>\n\t<\/div>\n<div class=\"col-md-12\">\n\t\t<span class=\"wpcf7-form-control-wrap your-message\"><textarea name=\"your-message\" cols=\"4\" rows=\"10\" class=\"wpcf7-form-control wpcf7-textarea wpcf7-validates-as-required\" id=\"your-message\" aria-required=\"true\" aria-invalid=\"false\" placeholder=\"Mesaj\"><\/textarea><\/span>\n\t<\/div>\n<div class=\"col-md-12\">\n\t\t<span class=\"wpcf7-form-control-wrap file-779\"><input type=\"file\" name=\"file-779\" size=\"40\" class=\"wpcf7-form-control wpcf7-file\" accept=\".jpg,.jpeg,.png,.gif,.pdf,.doc,.docx,.ppt,.pptx,.odt,.avi,.ogg,.m4a,.mov,.mp3,.mp4,.mpg,.wav,.wmv\" aria-invalid=\"false\" \/><\/span>\n\t<\/div>\n<div class=\"col-md-12\">\n\t\t<input type=\"submit\" value=\"G\u00f6nder\" class=\"wpcf7-form-control has-spinner wpcf7-submit darna-button size-md style3\" id=\"submit\" \/>\n\t<\/div>\n<\/div>\n<div class=\"wpcf7-response-output\" aria-hidden=\"true\"><\/div><input type=\"hidden\" name=\"trp-form-language\" value=\"tr\"\/><\/form><\/div><\/div><\/div><\/div><\/div><\/div><\/div><\/div><\/div><\/div><\/div>","protected":false},"excerpt":{"rendered":"Contact Us Address SANAYI Mah. 60016 Cd. C Blok. No:34. Gaziantep. Turkey Phone Numbers +90 539 550 65 24 +90 342 235 65 24 e-mail info@dalvakum.com sales@dalvakum.com send a message Always dedicated and devoted Please Select ProductFOOD CONTAINERSPLASTIC DIVIDERCOSMETICSOther","protected":false},"author":1,"featured_media":0,"parent":0,"menu_order":0,"comment_status":"closed","ping_status":"closed","template":"","meta":{"om_disable_all_campaigns":false,"footnotes":""},"class_list":["post-117","page","type-page","status-publish","hentry"],"_links":{"self":[{"href":"https:\/\/dalvakum.com\/tr\/wp-json\/wp\/v2\/pages\/117","targetHints":{"allow":["GET"]}}],"collection":[{"href":"https:\/\/dalvakum.com\/tr\/wp-json\/wp\/v2\/pages"}],"about":[{"href":"https:\/\/dalvakum.com\/tr\/wp-json\/wp\/v2\/types\/page"}],"author":[{"embeddable":true,"href":"https:\/\/dalvakum.com\/tr\/wp-json\/wp\/v2\/users\/1"}],"replies":[{"embeddable":true,"href":"https:\/\/dalvakum.com\/tr\/wp-json\/wp\/v2\/comments?post=117"}],"version-history":[{"count":5,"href":"https:\/\/dalvakum.com\/tr\/wp-json\/wp\/v2\/pages\/117\/revisions"}],"predecessor-version":[{"id":1932,"href":"https:\/\/dalvakum.com\/tr\/wp-json\/wp\/v2\/pages\/117\/revisions\/1932"}],"wp:attachment":[{"href":"https:\/\/dalvakum.com\/tr\/wp-json\/wp\/v2\/media?parent=117"}],"curies":[{"name":"wp","href":"https:\/\/api.w.org\/{rel}","templated":true}]}}